{"id":110,"date":"2025-09-03T08:22:57","date_gmt":"2025-09-03T08:22:57","guid":{"rendered":"https:\/\/limsmart.dwolf-solutions.es\/?page_id=110"},"modified":"2025-09-03T10:29:35","modified_gmt":"2025-09-03T10:29:35","slug":"limpieza-comunidades","status":"publish","type":"page","link":"https:\/\/limsmart.dwolf-solutions.es\/index.php\/servicios\/limpieza-comunidades\/","title":{"rendered":"Limpieza de comunidades"},"content":{"rendered":"<p>[et_pb_section fb_built=\u00bb1&#8243; fullwidth=\u00bbon\u00bb admin_label=\u00bbHeader\u00bb _builder_version=\u00bb4.27.4&#8243; background_image=\u00bbhttps:\/\/limsmart.dwolf-solutions.es\/wp-content\/uploads\/2025\/09\/limpieza-comunidades.jpg\u00bb parallax=\u00bbon\u00bb custom_margin=\u00bb|||\u00bb custom_padding=\u00bb|||\u00bb global_colors_info=\u00bb{}\u00bb][et_pb_fullwidth_header title=\u00bbLimpieza de comunidades\u00bb button_one_url=\u00bb#\u00bb button_two_url=\u00bb#\u00bb scroll_down_icon_size_tablet=\u00bb\u00bb scroll_down_icon_size_phone=\u00bb\u00bb scroll_down_icon_size_last_edited=\u00bbon|phone\u00bb _builder_version=\u00bb4.27.4&#8243; title_font=\u00bbUbuntu|700|||||||\u00bb title_font_size=\u00bb70px\u00bb title_line_height=\u00bb1.2em\u00bb content_font=\u00bb|600|||||||\u00bb content_font_size=\u00bb20px\u00bb content_line_height=\u00bb2em\u00bb background_color=\u00bbrgba(255,255,255,0)\u00bb use_background_color_gradient=\u00bbon\u00bb background_color_gradient_type=\u00bbcircular\u00bb background_color_gradient_stops=\u00bb#ffffff 21%|rgba(255,255,255,0.64) 100%\u00bb background_color_gradient_start=\u00bb#ffffff\u00bb background_color_gradient_start_position=\u00bb21%\u00bb background_color_gradient_end=\u00bbrgba(255,255,255,0.64)\u00bb custom_button_one=\u00bbon\u00bb button_one_text_size=\u00bb18px\u00bb button_one_text_color=\u00bb#ffffff\u00bb button_one_bg_color=\u00bb#f2835a\u00bb button_one_bg_color_gradient_direction=\u00bb90deg\u00bb button_one_bg_color_gradient_stops=\u00bb#f2835a 0%|#fab993 100%\u00bb button_one_bg_color_gradient_overlays_image=\u00bbon\u00bb button_one_bg_color_gradient_start=\u00bb#f2835a\u00bb button_one_bg_color_gradient_end=\u00bb#fab993&#8243; button_one_border_width=\u00bb10px\u00bb button_one_border_color=\u00bb#f2835a\u00bb button_one_border_radius=\u00bb7px\u00bb button_one_font=\u00bbUbuntu|700|||||||\u00bb custom_button_two=\u00bbon\u00bb button_two_text_size=\u00bb18px\u00bb button_two_text_color=\u00bb#ffffff\u00bb button_two_bg_color=\u00bb#557df3&#8243; button_two_border_width=\u00bb10px\u00bb button_two_border_color=\u00bb#557df3&#8243; button_two_border_radius=\u00bb0px\u00bb button_two_font=\u00bbUbuntu|700|||||||\u00bb background_layout=\u00bblight\u00bb custom_padding=\u00bb6vw||10vw||false\u00bb custom_padding_tablet=\u00bb||||false\u00bb custom_padding_phone=\u00bb3vw||6vw||false\u00bb custom_padding_last_edited=\u00bbon|phone\u00bb animation_style=\u00bbfade\u00bb hover_enabled=\u00bb0&#8243; title_font_size_tablet=\u00bb35px\u00bb title_font_size_phone=\u00bb25px\u00bb title_font_size_last_edited=\u00bbon|phone\u00bb content_font_size_tablet=\u00bb16px\u00bb content_font_size_phone=\u00bb14px\u00bb content_font_size_last_edited=\u00bbon|phone\u00bb button_one_text_size_tablet=\u00bb\u00bb button_one_text_size_phone=\u00bb\u00bb button_one_text_size_last_edited=\u00bbon|desktop\u00bb button_one_border_radius_hover=\u00bb0px\u00bb button_two_border_radius_hover=\u00bb0px\u00bb global_colors_info=\u00bb{}\u00bb button_one_text_size__hover_enabled=\u00bboff\u00bb button_two_text_size__hover_enabled=\u00bboff\u00bb button_one_text_color__hover_enabled=\u00bboff\u00bb button_two_text_color__hover_enabled=\u00bboff\u00bb button_one_border_width__hover_enabled=\u00bboff\u00bb button_two_border_width__hover_enabled=\u00bboff\u00bb button_one_border_color__hover_enabled=\u00bboff\u00bb button_two_border_color__hover_enabled=\u00bboff\u00bb button_one_border_radius__hover_enabled=\u00bbon\u00bb button_one_border_radius__hover=\u00bb0px\u00bb button_two_border_radius__hover_enabled=\u00bbon\u00bb button_two_border_radius__hover=\u00bb0px\u00bb button_one_letter_spacing__hover_enabled=\u00bboff\u00bb button_two_letter_spacing__hover_enabled=\u00bboff\u00bb button_one_bg_color__hover_enabled=\u00bboff\u00bb button_two_bg_color__hover_enabled=\u00bboff\u00bb sticky_enabled=\u00bb0&#8243;]<\/p>\n<p>&nbsp;<\/p>\n<p>&nbsp;<\/p>\n<p>[\/et_pb_fullwidth_header][\/et_pb_section][et_pb_section fb_built=\u00bb1&#8243; admin_label=\u00bbRecurring\u00bb _builder_version=\u00bb4.27.4&#8243; use_background_color_gradient=\u00bbon\u00bb background_color_gradient_direction=\u00bb90deg\u00bb background_color_gradient_stops=\u00bb#1c799a 0%|#8ce8ff 100%\u00bb background_color_gradient_start=\u00bb#557df3&#8243; background_color_gradient_end=\u00bb#8ce8ff\u00bb max_width=\u00bb90%\u00bb max_width_tablet=\u00bb90%\u00bb max_width_phone=\u00bb100%\u00bb max_width_last_edited=\u00bbon|phone\u00bb custom_margin=\u00bb-4vw||||false\u00bb custom_margin_last_edited=\u00bboff|desktop\u00bb animation_style=\u00bbslide\u00bb animation_direction=\u00bbleft\u00bb animation_intensity_slide=\u00bb5%\u00bb border_radii=\u00bbon|6px|6px|6px|6px\u00bb box_shadow_style=\u00bbpreset4&#8243; box_shadow_color=\u00bbrgba(28,121,154,0.16)\u00bb global_colors_info=\u00bb{}\u00bb][et_pb_row column_structure=\u00bb2_3,1_3&#8243; _builder_version=\u00bb4.16&#8243; locked=\u00bboff\u00bb global_colors_info=\u00bb{}\u00bb][et_pb_column type=\u00bb2_3&#8243; _builder_version=\u00bb4.16&#8243; custom_padding=\u00bb|||\u00bb global_colors_info=\u00bb{}\u00bb custom_padding__hover=\u00bb|||\u00bb][et_pb_text _builder_version=\u00bb4.27.4&#8243; text_font=\u00bb||||||||\u00bb text_font_size=\u00bb15px\u00bb text_line_height=\u00bb2em\u00bb ul_font=\u00bb|700|||||||\u00bb ul_line_height=\u00bb2em\u00bb ol_font=\u00bb||||||||\u00bb header_font=\u00bb||||||||\u00bb header_2_font=\u00bbUbuntu|700|||||||\u00bb header_2_font_size=\u00bb40px\u00bb header_2_line_height=\u00bb1.4em\u00bb header_3_font=\u00bb||||||||\u00bb header_4_font=\u00bb||||||||\u00bb header_5_font=\u00bb||||||||\u00bb header_6_font=\u00bb||||||||\u00bb background_layout=\u00bbdark\u00bb header_2_font_size_tablet=\u00bb\u00bb header_2_font_size_phone=\u00bb24px\u00bb header_2_font_size_last_edited=\u00bbon|phone\u00bb global_colors_info=\u00bb{}\u00bb]<\/p>\n<h2>Nuestra experiencia nos avala<\/h2>\n<p>La limpieza de comunidades de vecinos requiere atenci\u00f3n constante y un alto nivel de organizaci\u00f3n. En Limsmart llevamos m\u00e1s de tres d\u00e9cadas ocup\u00e1ndonos de mantener impecables las zonas comunes de edificios, urbanizaciones y residenciales en Sevilla.<\/p>\n<p>[\/et_pb_text][\/et_pb_column][et_pb_column type=\u00bb1_3&#8243; _builder_version=\u00bb4.16&#8243; custom_padding=\u00bb|||\u00bb global_colors_info=\u00bb{}\u00bb custom_padding__hover=\u00bb|||\u00bb][et_pb_button button_text=\u00bbCont\u00e1ctanos\u00bb button_alignment=\u00bbright\u00bb _builder_version=\u00bb4.27.4&#8243; custom_button=\u00bbon\u00bb button_text_size=\u00bb18px\u00bb button_text_color=\u00bb#1C799A\u00bb button_bg_color=\u00bb#ffffff\u00bb button_border_width=\u00bb10px\u00bb button_border_color=\u00bb#ffffff\u00bb button_border_radius=\u00bb7px\u00bb button_font=\u00bbUbuntu|700|||||||\u00bb hover_enabled=\u00bb0&#8243; button_letter_spacing_tablet=\u00bb\u00bb button_letter_spacing_phone=\u00bb\u00bb button_letter_spacing_last_edited=\u00bbon|desktop\u00bb button_border_radius_hover=\u00bb0px\u00bb global_colors_info=\u00bb{}\u00bb button_text_size__hover_enabled=\u00bboff\u00bb button_one_text_size__hover_enabled=\u00bboff\u00bb button_two_text_size__hover_enabled=\u00bboff\u00bb button_text_color__hover_enabled=\u00bboff\u00bb button_one_text_color__hover_enabled=\u00bboff\u00bb button_two_text_color__hover_enabled=\u00bboff\u00bb button_border_width__hover_enabled=\u00bboff\u00bb button_one_border_width__hover_enabled=\u00bboff\u00bb button_two_border_width__hover_enabled=\u00bboff\u00bb button_border_color__hover_enabled=\u00bboff\u00bb button_one_border_color__hover_enabled=\u00bboff\u00bb button_two_border_color__hover_enabled=\u00bboff\u00bb button_border_radius__hover_enabled=\u00bbon|hover\u00bb button_border_radius__hover=\u00bb7px\u00bb button_one_border_radius__hover_enabled=\u00bboff\u00bb button_two_border_radius__hover_enabled=\u00bboff\u00bb button_letter_spacing__hover_enabled=\u00bboff\u00bb button_one_letter_spacing__hover_enabled=\u00bboff\u00bb button_two_letter_spacing__hover_enabled=\u00bboff\u00bb button_bg_color__hover_enabled=\u00bboff\u00bb button_one_bg_color__hover_enabled=\u00bboff\u00bb button_two_bg_color__hover_enabled=\u00bboff\u00bb button_url=\u00bb@ET-DC@eyJkeW5hbWljIjp0cnVlLCJjb250ZW50IjoicG9zdF9saW5rX3VybF9wYWdlIiwic2V0dGluZ3MiOnsicG9zdF9pZCI6IjE3In19@\u00bb _dynamic_attributes=\u00bbbutton_url\u00bb sticky_enabled=\u00bb0&#8243;][\/et_pb_button][\/et_pb_column][\/et_pb_row][\/et_pb_section][et_pb_section fb_built=\u00bb1&#8243; admin_label=\u00bbAbout Us\u00bb _builder_version=\u00bb4.16&#8243; global_colors_info=\u00bb{}\u00bb][et_pb_row column_structure=\u00bb1_2,1_2&#8243; _builder_version=\u00bb4.16&#8243; global_colors_info=\u00bb{}\u00bb][et_pb_column type=\u00bb1_2&#8243; _builder_version=\u00bb4.16&#8243; custom_padding=\u00bb|||\u00bb global_colors_info=\u00bb{}\u00bb custom_padding__hover=\u00bb|||\u00bb][et_pb_text _builder_version=\u00bb4.27.4&#8243; text_font=\u00bb||||||||\u00bb text_font_size=\u00bb15px\u00bb text_line_height=\u00bb2em\u00bb ul_font=\u00bb|700|||||||\u00bb ul_line_height=\u00bb2em\u00bb ol_font=\u00bb||||||||\u00bb header_font=\u00bb||||||||\u00bb header_2_font=\u00bbUbuntu|700|||||||\u00bb header_2_font_size=\u00bb40px\u00bb header_2_line_height=\u00bb1.4em\u00bb header_3_font=\u00bb||||||||\u00bb header_4_font=\u00bb||||||||\u00bb header_5_font=\u00bb||||||||\u00bb header_6_font=\u00bb||||||||\u00bb header_2_font_size_tablet=\u00bb\u00bb header_2_font_size_phone=\u00bb24px\u00bb header_2_font_size_last_edited=\u00bbon|phone\u00bb global_colors_info=\u00bb{}\u00bb]<\/p>\n<h2>Entre nuestras actuaciones destacamos:<\/h2>\n<p data-start=\"2555\" data-end=\"2897\">Sabemos que no todas las comunidades son iguales, por eso dise\u00f1amos un <strong data-start=\"2626\" data-end=\"2659\">plan de trabajo personalizado<\/strong> que incluye tanto las zonas de mayor tr\u00e1nsito como aquellas que suelen pasarse por alto pero que son igual de importantes. Nuestro compromiso es lograr que los vecinos disfruten de un entorno limpio, higi\u00e9nico y seguro en todo momento.<\/p>\n<p data-start=\"2555\" data-end=\"2897\">\n<p data-start=\"2555\" data-end=\"2897\">\n<ul>\n<li>Limpieza de portales, escaleras, pasillos y rellanos.<\/li>\n<li>Higienizaci\u00f3n de ascensores, espejos, barandillas y buzones.<\/li>\n<li>Barrido y fregado de patios, azoteas y zonas comunes exteriores.<\/li>\n<li>Retirada de residuos y limpieza de papeleras.<\/li>\n<li>Limpieza de cristales, ventanas y accesos principales.<\/li>\n<li>Mantenimiento de garajes vinculados a la comunidad.<\/li>\n<\/ul>\n<p>[\/et_pb_text][\/et_pb_column][et_pb_column type=\u00bb1_2&#8243; _builder_version=\u00bb4.16&#8243; custom_padding=\u00bb|||\u00bb global_colors_info=\u00bb{}\u00bb custom_padding__hover=\u00bb|||\u00bb][et_pb_image src=\u00bbhttps:\/\/limsmart.dwolf-solutions.es\/wp-content\/uploads\/2025\/09\/fondo-home-comunidades-2.webp\u00bb title_text=\u00bbfondo-home-comunidades (2)\u00bb _builder_version=\u00bb4.27.4&#8243; _module_preset=\u00bbdefault\u00bb custom_margin=\u00bb9%||||false|false\u00bb global_colors_info=\u00bb{}\u00bb][\/et_pb_image][\/et_pb_column][\/et_pb_row][\/et_pb_section]<\/p>\n","protected":false},"excerpt":{"rendered":"<p>&nbsp; &nbsp;Nuestra experiencia nos avala La limpieza de comunidades de vecinos requiere atenci\u00f3n constante y un alto nivel de organizaci\u00f3n. En Limsmart llevamos m\u00e1s de tres d\u00e9cadas ocup\u00e1ndonos de mantener impecables las zonas comunes de edificios, urbanizaciones y residenciales en Sevilla.Entre nuestras actuaciones destacamos: Sabemos que no todas las comunidades son iguales, por eso dise\u00f1amos [&hellip;]<\/p>\n","protected":false},"author":1,"featured_media":0,"parent":13,"menu_order":0,"comment_status":"closed","ping_status":"closed","template":"","meta":{"_et_pb_use_builder":"on","_et_pb_old_content":"<!-- wp:divi\/placeholder \/-->","_et_gb_content_width":"","footnotes":""},"class_list":["post-110","page","type-page","status-publish","hentry"],"_links":{"self":[{"href":"https:\/\/limsmart.dwolf-solutions.es\/index.php\/wp-json\/wp\/v2\/pages\/110","targetHints":{"allow":["GET"]}}],"collection":[{"href":"https:\/\/limsmart.dwolf-solutions.es\/index.php\/wp-json\/wp\/v2\/pages"}],"about":[{"href":"https:\/\/limsmart.dwolf-solutions.es\/index.php\/wp-json\/wp\/v2\/types\/page"}],"author":[{"embeddable":true,"href":"https:\/\/limsmart.dwolf-solutions.es\/index.php\/wp-json\/wp\/v2\/users\/1"}],"replies":[{"embeddable":true,"href":"https:\/\/limsmart.dwolf-solutions.es\/index.php\/wp-json\/wp\/v2\/comments?post=110"}],"version-history":[{"count":8,"href":"https:\/\/limsmart.dwolf-solutions.es\/index.php\/wp-json\/wp\/v2\/pages\/110\/revisions"}],"predecessor-version":[{"id":176,"href":"https:\/\/limsmart.dwolf-solutions.es\/index.php\/wp-json\/wp\/v2\/pages\/110\/revisions\/176"}],"up":[{"embeddable":true,"href":"https:\/\/limsmart.dwolf-solutions.es\/index.php\/wp-json\/wp\/v2\/pages\/13"}],"wp:attachment":[{"href":"https:\/\/limsmart.dwolf-solutions.es\/index.php\/wp-json\/wp\/v2\/media?parent=110"}],"curies":[{"name":"wp","href":"https:\/\/api.w.org\/{rel}","templated":true}]}}